{"id":139,"date":"2018-03-09T10:09:20","date_gmt":"2018-03-09T08:09:20","guid":{"rendered":"http:\/\/www.hakkikutlu.com\/hk\/?page_id=139"},"modified":"2018-03-09T10:09:20","modified_gmt":"2018-03-09T08:09:20","slug":"kisisel-paylasim","status":"publish","type":"page","link":"https:\/\/www.hakkikutlu.com\/hk\/kisisel-paylasim\/","title":{"rendered":"Ki\u015fisel Payla\u015f\u0131m"},"content":{"rendered":"","protected":false},"excerpt":{"rendered":"","protected":false},"author":1,"featured_media":0,"parent":0,"menu_order":0,"comment_status":"closed","ping_status":"closed","template":"","meta":{"ngg_post_thumbnail":0,"_expiration-date-status":"saved","_expiration-date":0,"_expiration-date-type":"","_expiration-date-categories":[],"_expiration-date-options":[]},"_links":{"self":[{"href":"https:\/\/www.hakkikutlu.com\/hk\/wp-json\/wp\/v2\/pages\/139"}],"collection":[{"href":"https:\/\/www.hakkikutlu.com\/hk\/wp-json\/wp\/v2\/pages"}],"about":[{"href":"https:\/\/www.hakkikutlu.com\/hk\/wp-json\/wp\/v2\/types\/page"}],"author":[{"embeddable":true,"href":"https:\/\/www.hakkikutlu.com\/hk\/wp-json\/wp\/v2\/users\/1"}],"replies":[{"embeddable":true,"href":"https:\/\/www.hakkikutlu.com\/hk\/wp-json\/wp\/v2\/comments?post=139"}],"version-history":[{"count":0,"href":"https:\/\/www.hakkikutlu.com\/hk\/wp-json\/wp\/v2\/pages\/139\/revisions"}],"wp:attachment":[{"href":"https:\/\/www.hakkikutlu.com\/hk\/wp-json\/wp\/v2\/media?parent=139"}],"curies":[{"name":"wp","href":"https:\/\/api.w.org\/{rel}","templated":true}]}}