{"id":103,"date":"2018-03-09T10:06:08","date_gmt":"2018-03-09T08:06:08","guid":{"rendered":"http:\/\/www.hakkikutlu.com\/hk\/?page_id=103"},"modified":"2018-03-09T13:33:42","modified_gmt":"2018-03-09T11:33:42","slug":"programlar","status":"publish","type":"page","link":"https:\/\/www.hakkikutlu.com\/hk\/bilgisayar\/programlar\/","title":{"rendered":"Programlar"},"content":{"rendered":"<p>There are <strong>13 files<\/strong>, weighing <strong>43,7 MiB<\/strong> with <strong>1.729 hits<\/strong> in <strong>total<\/strong>.<\/p><p>Displaying <strong>1<\/strong> to <strong>13<\/strong> of <strong>13<\/strong> files.<\/p><p><img src=\"http:\/\/www.hakkikutlu.com\/hk\/wp-content\/plugins\/wp-downloadmanager\/images\/ext\/rar.gif\" alt=\"\" title=\"\" style=\"vertical-align: middle;\" \/>&nbsp;&nbsp;<strong><a href=\"http:\/\/www.hakkikutlu.com\/hk\/download\/100_unlu_Turk.rar\">100 \u00dcnl\u00fc T\u00fcrk<\/a><\/strong><br \/><strong>&raquo; 6,9 MiB - 101 hits - 9 Mart 2018<\/strong><br \/>O\u011fuz Han'dan Fuzul\u00ee'ye Atat\u00fcrk'ten Sait Faik'e 100 \u00fcnl\u00fc T\u00fcrk'\u00fcn hayat\u0131n\u0131 ve yapt\u0131klar\u0131n\u0131 anlatan bir program.<\/p><p><img src=\"http:\/\/www.hakkikutlu.com\/hk\/wp-content\/plugins\/wp-downloadmanager\/images\/ext\/rar.gif\" alt=\"\" title=\"\" style=\"vertical-align: middle;\" \/>&nbsp;&nbsp;<strong><a href=\"http:\/\/www.hakkikutlu.com\/hk\/download\/adwcleaner.rar\">AdwCleaner<\/a><\/strong><br \/><strong>&raquo; 3,7 MiB - 88 hits - 9 Mart 2018<\/strong><br \/>Bilgisayar\u0131n\u0131z\u0131n anasayfas\u0131n\u0131 de\u011fi\u015ftiren, istemedi\u011finiz toolbar yaz\u0131l\u0131mlar\u0131 y\u00fckleyen uygulamalar\u0131 ve eklentileri kald\u0131ran bir programd\u0131r.<\/p><p><img src=\"http:\/\/www.hakkikutlu.com\/hk\/wp-content\/plugins\/wp-downloadmanager\/images\/ext\/rar.gif\" alt=\"\" title=\"\" style=\"vertical-align: middle;\" \/>&nbsp;&nbsp;<strong><a href=\"http:\/\/www.hakkikutlu.com\/hk\/download\/alpemix.rar\">Alpemix<\/a><\/strong><br \/><strong>&raquo; 768,5 KiB - 207 hits - 9 Mart 2018<\/strong><br \/>Alpemix uzaktan destek yaz\u0131l\u0131m\u0131d\u0131r. Farkl\u0131 yerlerdeki bilgisayara ba\u011flanarak kullanabilirsiniz. Kullan\u0131m\u0131 kolayd\u0131rd\u0131r.<\/p><p><img src=\"http:\/\/www.hakkikutlu.com\/hk\/wp-content\/plugins\/wp-downloadmanager\/images\/ext\/rar.gif\" alt=\"\" title=\"\" style=\"vertical-align: middle;\" \/>&nbsp;&nbsp;<strong><a href=\"http:\/\/www.hakkikutlu.com\/hk\/download\/ccsetup538.rar\">CCleaner<\/a><\/strong><br \/><strong>&raquo; 7,9 MiB - 102 hits - 9 Mart 2018<\/strong><br \/>CCleaner, sistem optimizasyon ve temizlik program\u0131d\u0131r.<\/p><p><img src=\"http:\/\/www.hakkikutlu.com\/hk\/wp-content\/plugins\/wp-downloadmanager\/images\/ext\/rar.gif\" alt=\"\" title=\"\" style=\"vertical-align: middle;\" \/>&nbsp;&nbsp;<strong><a href=\"http:\/\/www.hakkikutlu.com\/hk\/download\/combo_fix.rar\">ComboFix<\/a><\/strong><br \/><strong>&raquo; 5,4 MiB - 92 hits - 9 Mart 2018<\/strong><br \/>Flashdisk veya CD gibi ortamlardan bilgisayara bula\u015fan amvo.exe adl\u0131 zararl\u0131 autorun dosyas\u0131n\u0131 ve etkilerini temizleyip d\u00fczelten bir malware temizleme yaz\u0131l\u0131m\u0131.<\/p><p><img src=\"http:\/\/www.hakkikutlu.com\/hk\/wp-content\/plugins\/wp-downloadmanager\/images\/ext\/rar.gif\" alt=\"\" title=\"\" style=\"vertical-align: middle;\" \/>&nbsp;&nbsp;<strong><a href=\"http:\/\/www.hakkikutlu.com\/hk\/download\/fast_stone.rar\">Fast Stone Photo Resizer<\/a><\/strong><br \/><strong>&raquo; 1,3 MiB - 87 hits - 9 Mart 2018<\/strong><br \/>FastStone Photo Resizer resim d\u00f6n\u00fc\u015ft\u00fcrme ve boyutland\u0131rma program\u0131d\u0131r. H\u0131zl\u0131 ve sade bir programd\u0131r.<\/p><p><img src=\"http:\/\/www.hakkikutlu.com\/hk\/wp-content\/plugins\/wp-downloadmanager\/images\/ext\/rar.gif\" alt=\"\" title=\"\" style=\"vertical-align: middle;\" \/>&nbsp;&nbsp;<strong><a href=\"http:\/\/www.hakkikutlu.com\/hk\/download\/mp3_tag.rar\">ID3Kill<\/a><\/strong><br \/><strong>&raquo; 168,0 KiB - 91 hits - 9 Mart 2018<\/strong><br \/>HeadStrong ID3Kill, MP3 dosyalar\u0131ndaki kimlik bilgilerini, etiketleri, reklamlar\u0131 temizleyen bir programd\u0131r.<\/p><p><img src=\"http:\/\/www.hakkikutlu.com\/hk\/wp-content\/plugins\/wp-downloadmanager\/images\/ext\/rar.gif\" alt=\"\" title=\"\" style=\"vertical-align: middle;\" \/>&nbsp;&nbsp;<strong><a href=\"http:\/\/www.hakkikutlu.com\/hk\/download\/lock_my_pc.rar\">Lock My PC<\/a><\/strong><br \/><strong>&raquo; 665,0 KiB - 94 hits - 9 Mart 2018<\/strong><br \/>Bilgisayar\u0131n\u0131z\u0131n kullan\u0131m\u0131n\u0131 \u015fifrelemek i\u00e7in kullanabilece\u011finiz bir yaz\u0131l\u0131m.<\/p><p><img src=\"http:\/\/www.hakkikutlu.com\/hk\/wp-content\/plugins\/wp-downloadmanager\/images\/ext\/rar.gif\" alt=\"\" title=\"\" style=\"vertical-align: middle;\" \/>&nbsp;&nbsp;<strong><a href=\"http:\/\/www.hakkikutlu.com\/hk\/download\/panda_renamer.rar\">Panda Renamer<\/a><\/strong><br \/><strong>&raquo; 389,9 KiB - 98 hits - 9 Mart 2018<\/strong><br \/>\u00c7oklu olarak dosya ve klas\u00f6rlerin isimlerini istedi\u011finiz kriterlere g\u00f6re belirleyip tek t\u0131klamayla de\u011fi\u015ftirebilmenizi sa\u011flayan bir programd\u0131r.<\/p><p><img src=\"http:\/\/www.hakkikutlu.com\/hk\/wp-content\/plugins\/wp-downloadmanager\/images\/ext\/rar.gif\" alt=\"\" title=\"\" style=\"vertical-align: middle;\" \/>&nbsp;&nbsp;<strong><a href=\"http:\/\/www.hakkikutlu.com\/hk\/download\/psiphon_vpn.rar\">Psiphon VPN<\/a><\/strong><br \/><strong>&raquo; 4,8 MiB - 200 hits - 9 Mart 2018<\/strong><br \/>Eri\u015fimi k\u0131s\u0131tlanan yada yasaklanan sitelere girmek i\u00e7in kullanabilece\u011finiz bir programd\u0131r.<\/p><p><img src=\"http:\/\/www.hakkikutlu.com\/hk\/wp-content\/plugins\/wp-downloadmanager\/images\/ext\/rar.gif\" alt=\"\" title=\"\" style=\"vertical-align: middle;\" \/>&nbsp;&nbsp;<strong><a href=\"http:\/\/www.hakkikutlu.com\/hk\/download\/rufus.rar\">Rufus<\/a><\/strong><br \/><strong>&raquo; 912,3 KiB - 173 hits - 9 Mart 2018<\/strong><br \/>\u00d6ny\u00fcklenebilir (bootable) USB bellek olu\u015fturman\u0131z\u0131 sa\u011flayan bir programd\u0131r.<\/p><p><img src=\"http:\/\/www.hakkikutlu.com\/hk\/wp-content\/plugins\/wp-downloadmanager\/images\/ext\/rar.gif\" alt=\"\" title=\"\" style=\"vertical-align: middle;\" \/>&nbsp;&nbsp;<strong><a href=\"http:\/\/www.hakkikutlu.com\/hk\/download\/tdk_sozluk.rar\">TDK S\u00f6zl\u00fck<\/a><\/strong><br \/><strong>&raquo; 6,8 MiB - 186 hits - 9 Mart 2018<\/strong><br \/>T\u00fcrk Dil Kurumunun T\u00fcrk\u00e7e s\u00f6zc\u00fckler program\u0131d\u0131r.<\/p><p><img src=\"http:\/\/www.hakkikutlu.com\/hk\/wp-content\/plugins\/wp-downloadmanager\/images\/ext\/exe.gif\" alt=\"\" title=\"\" style=\"vertical-align: middle;\" \/>&nbsp;&nbsp;<strong><a href=\"http:\/\/www.hakkikutlu.com\/hk\/download\/winrar.exe\">Winrar<\/a><\/strong><br \/><strong>&raquo; 4,1 MiB - 210 hits - 9 Mart 2018<\/strong><br \/>Ar\u015fiv y\u00f6neticisi program\u0131d\u0131r. Dosyalar\u0131 farkl\u0131 formatlara g\u00f6re s\u0131k\u0131\u015ft\u0131r\u0131r veya farkl\u0131 formatlardaki s\u0131k\u0131\u015ft\u0131r\u0131lm\u0131\u015f dosyalar\u0131 a\u00e7ar.<\/p><form action=\"http:\/\/www.hakkikutlu.com\/hk\/programlar\" method=\"get\"><p><input type=\"hidden\" name=\"dl_cat\" value=\"0\" \/><input type=\"text\" name=\"dl_search\" value=\"\" \/>&nbsp;&nbsp;&nbsp;<input type=\"submit\" value=\"Search\" \/><\/p><\/form>\n","protected":false},"excerpt":{"rendered":"","protected":false},"author":1,"featured_media":0,"parent":101,"menu_order":0,"comment_status":"closed","ping_status":"closed","template":"","meta":{"ngg_post_thumbnail":0,"_expiration-date-status":"saved","_expiration-date":0,"_expiration-date-type":"","_expiration-date-categories":[],"_expiration-date-options":[]},"_links":{"self":[{"href":"https:\/\/www.hakkikutlu.com\/hk\/wp-json\/wp\/v2\/pages\/103"}],"collection":[{"href":"https:\/\/www.hakkikutlu.com\/hk\/wp-json\/wp\/v2\/pages"}],"about":[{"href":"https:\/\/www.hakkikutlu.com\/hk\/wp-json\/wp\/v2\/types\/page"}],"author":[{"embeddable":true,"href":"https:\/\/www.hakkikutlu.com\/hk\/wp-json\/wp\/v2\/users\/1"}],"replies":[{"embeddable":true,"href":"https:\/\/www.hakkikutlu.com\/hk\/wp-json\/wp\/v2\/comments?post=103"}],"version-history":[{"count":0,"href":"https:\/\/www.hakkikutlu.com\/hk\/wp-json\/wp\/v2\/pages\/103\/revisions"}],"up":[{"embeddable":true,"href":"https:\/\/www.hakkikutlu.com\/hk\/wp-json\/wp\/v2\/pages\/101"}],"wp:attachment":[{"href":"https:\/\/www.hakkikutlu.com\/hk\/wp-json\/wp\/v2\/media?parent=103"}],"curies":[{"name":"wp","href":"https:\/\/api.w.org\/{rel}","templated":true}]}}