{"id":949,"date":"2018-03-12T13:38:58","date_gmt":"2018-03-12T11:38:58","guid":{"rendered":"http:\/\/www.hakkikutlu.com\/hk\/?page_id=949"},"modified":"2018-03-30T11:08:04","modified_gmt":"2018-03-30T09:08:04","slug":"sebze-meyve-ekim-zamani","status":"publish","type":"page","link":"http:\/\/www.hakkikutlu.com\/hk\/kisisel-paylasim\/vakit-gecir\/sebze-meyve-ekim-zamani\/","title":{"rendered":"Sebze-Meyve Ekim Zaman\u0131"},"content":{"rendered":"<table>\n<tbody>\n<tr>\n<td width=\"146\">BAKLA<\/td>\n<td width=\"11\">:<\/td>\n<td width=\"319\">Ekim &#8211; Kas\u0131m &#8211; Aral\u0131k<\/td>\n<\/tr>\n<tr>\n<td>BAMYA<\/td>\n<td>:<\/td>\n<td>Nisan &#8211; May\u0131s<\/td>\n<\/tr>\n<tr>\n<td>BARBUNYA<\/td>\n<td>:<\/td>\n<td>Haziran<\/td>\n<\/tr>\n<tr>\n<td>BEZELYE<\/td>\n<td>:<\/td>\n<td>Mart &#8211; Kas\u0131m<\/td>\n<\/tr>\n<tr>\n<td>B\u0130BER<\/td>\n<td>:<\/td>\n<td>Mart<\/td>\n<\/tr>\n<tr>\n<td>B\u00d6R\u00dcLCE<\/td>\n<td>:<\/td>\n<td>Nisan &#8211; Haziran<\/td>\n<\/tr>\n<tr>\n<td>BROKOL\u0130<\/td>\n<td>:<\/td>\n<td>May\u0131s<\/td>\n<\/tr>\n<tr>\n<td>BR\u00dcKSEL LAHANA<\/td>\n<td>:<\/td>\n<td>May\u0131s<\/td>\n<\/tr>\n<tr>\n<td>BU\u011eDAY<\/td>\n<td>:<\/td>\n<td>Kas\u0131m &#8211; Aral\u0131k<\/td>\n<\/tr>\n<tr>\n<td>\u00c7AVDAR<\/td>\n<td>:<\/td>\n<td>Kas\u0131m &#8211; Aral\u0131k<\/td>\n<\/tr>\n<tr>\n<td>DEREOTU<\/td>\n<td>:<\/td>\n<td>Ocak &#8211; Nisan &#8211; Eyl\u00fcl<\/td>\n<\/tr>\n<tr>\n<td>DOMATES<\/td>\n<td>:<\/td>\n<td>Mart<\/td>\n<\/tr>\n<tr>\n<td>FASULYE<\/td>\n<td>:<\/td>\n<td>Mart &#8211; Nisan &#8211; May\u0131s &#8211; Haziran &#8211; Temmuz<\/td>\n<\/tr>\n<tr>\n<td>FESLE\u011eEN<\/td>\n<td>:<\/td>\n<td>Mart<\/td>\n<\/tr>\n<tr>\n<td>HAVU\u00c7<\/td>\n<td>:<\/td>\n<td>Mart &#8211; Temmuz &#8211; A\u011fustos<\/td>\n<\/tr>\n<tr>\n<td>ISPANAK<\/td>\n<td>:<\/td>\n<td>Mart &#8211; Temmuz &#8211; A\u011fustos &#8211; Eyl\u00fcl<\/td>\n<\/tr>\n<tr>\n<td>JAPON TURPU<\/td>\n<td>:<\/td>\n<td>Nisan<\/td>\n<\/tr>\n<tr>\n<td>KABAK<\/td>\n<td>:<\/td>\n<td>Mart &#8211; Nisan &#8211; May\u0131s &#8211; Temmuz<\/td>\n<\/tr>\n<tr>\n<td>KARA LAHANA<\/td>\n<td>:<\/td>\n<td>May\u0131s<\/td>\n<\/tr>\n<tr>\n<td>KARA TURP<\/td>\n<td>:<\/td>\n<td>Eyl\u00fcl<\/td>\n<\/tr>\n<tr>\n<td>KARADEN\u0130Z LAHANASI<\/td>\n<td>:<\/td>\n<td>May\u0131s<\/td>\n<\/tr>\n<tr>\n<td>KARNABAHAR<\/td>\n<td>:<\/td>\n<td>Mart &#8211; Nisan &#8211; May\u0131s<\/td>\n<\/tr>\n<tr>\n<td>KARPUZ<\/td>\n<td>:<\/td>\n<td>Mart &#8211; Nisan<\/td>\n<\/tr>\n<tr>\n<td>KAVUN<\/td>\n<td>:<\/td>\n<td>Mart &#8211; Nisan<\/td>\n<\/tr>\n<tr>\n<td>KEREV\u0130Z<\/td>\n<td>:<\/td>\n<td>Mart -May\u0131s<\/td>\n<\/tr>\n<tr>\n<td>KIRMIZI LAHANA<\/td>\n<td>:<\/td>\n<td>May\u0131s<\/td>\n<\/tr>\n<tr>\n<td>KIRMIZI TURP<\/td>\n<td>:<\/td>\n<td>Eyl\u00fcl<\/td>\n<\/tr>\n<tr>\n<td>LAHANA<\/td>\n<td>:<\/td>\n<td>Mart &#8211; Nisan &#8211; May\u0131s<\/td>\n<\/tr>\n<tr>\n<td>MARUL<\/td>\n<td>:<\/td>\n<td>Mart &#8211; Nisan &#8211; Temmuz &#8211; A\u011fustos &#8211; Eyl\u00fcl<\/td>\n<\/tr>\n<tr>\n<td>MAYDANOZ<\/td>\n<td>:<\/td>\n<td>Mart &#8211; Nisan<\/td>\n<\/tr>\n<tr>\n<td>MERC\u0130MEK<\/td>\n<td>:<\/td>\n<td>Mart &#8211; Ekim<\/td>\n<\/tr>\n<tr>\n<td>MISIR<\/td>\n<td>:<\/td>\n<td>Nisan &#8211; May\u0131s &#8211; Temmuz<\/td>\n<\/tr>\n<tr>\n<td>NOHUT<\/td>\n<td>:<\/td>\n<td>Mart<\/td>\n<\/tr>\n<tr>\n<td>PANCAR<\/td>\n<td>:<\/td>\n<td>Mart &#8211; May\u0131s<\/td>\n<\/tr>\n<tr>\n<td>PATATES<\/td>\n<td>:<\/td>\n<td>Mart &#8211; Nisan<\/td>\n<\/tr>\n<tr>\n<td>PATLICAN<\/td>\n<td>:<\/td>\n<td>Mart<\/td>\n<\/tr>\n<tr>\n<td>PAZI<\/td>\n<td>:<\/td>\n<td>Mart &#8211; May\u0131s<\/td>\n<\/tr>\n<tr>\n<td>PIRASA<\/td>\n<td>:<\/td>\n<td>Mart<\/td>\n<\/tr>\n<tr>\n<td>REZENE<\/td>\n<td>:<\/td>\n<td>Mart<\/td>\n<\/tr>\n<tr>\n<td>ROKA<\/td>\n<td>:<\/td>\n<td>Ocak &#8211; \u015eubat &#8211; Mart &#8211; May\u0131s &#8211; A\u011fustos &#8211; Eyl\u00fcl &#8211; Ekim<\/td>\n<\/tr>\n<tr>\n<td>SALATALIK<\/td>\n<td>:<\/td>\n<td>Mart &#8211; Nisan &#8211; May\u0131s &#8211; Haziran &#8211; Temmuz<\/td>\n<\/tr>\n<tr>\n<td>SARIMSAK<\/td>\n<td>:<\/td>\n<td>\u015eubat &#8211; Mart &#8211; Ekim &#8211; Aral\u0131k<\/td>\n<\/tr>\n<tr>\n<td>SO\u011eAN<\/td>\n<td>:<\/td>\n<td>\u015eubat &#8211; Mart &#8211; Ekim &#8211; Aral\u0131k ( arpac\u0131k ekilir )<\/td>\n<\/tr>\n<tr>\n<td>TERE<\/td>\n<td>:<\/td>\n<td>Ocak &#8211; Mart &#8211; Eyl\u00fcl &#8211; Ekim<\/td>\n<\/tr>\n<tr>\n<td>YER ELMASI<\/td>\n<td>:<\/td>\n<td>Mart<\/td>\n<\/tr>\n<tr>\n<td>YER FISTI\u011eI<\/td>\n<td>:<\/td>\n<td>Mart<\/td>\n<\/tr>\n<tr>\n<td>YE\u015e\u0130L SO\u011eAN<\/td>\n<td>:<\/td>\n<td>Nisan ( so\u011fan tohumu ekilir )<\/td>\n<\/tr>\n<tr>\n<td>YULAF<\/td>\n<td>:<\/td>\n<td>Kas\u0131m &#8211; Aral\u0131k<\/td>\n<\/tr>\n<\/tbody>\n<\/table>\n<p>&nbsp;<\/p>\n","protected":false},"excerpt":{"rendered":"<p>BAKLA : Ekim &#8211; Kas\u0131m &#8211; Aral\u0131k BAMYA : Nisan &#8211; May\u0131s BARBUNYA : Haziran BEZELYE : Mart &#8211; Kas\u0131m B\u0130BER : Mart B\u00d6R\u00dcLCE : Nisan &#8211; Haziran BROKOL\u0130 : May\u0131s BR\u00dcKSEL LAHANA : May\u0131s BU\u011eDAY : Kas\u0131m &#8211; Aral\u0131k \u00c7AVDAR : Kas\u0131m &#8211; Aral\u0131k DEREOTU : Ocak &#8211; Nisan &#8211; Eyl\u00fcl DOMATES : Mart &hellip; <\/p>\n<p><a class=\"more-link btn\" href=\"http:\/\/www.hakkikutlu.com\/hk\/kisisel-paylasim\/vakit-gecir\/sebze-meyve-ekim-zamani\/\">Devam\u0131n\u0131 oku<\/a><\/p>\n","protected":false},"author":1,"featured_media":0,"parent":159,"menu_order":0,"comment_status":"closed","ping_status":"closed","template":"","meta":{"ngg_post_thumbnail":0,"_expiration-date-status":"saved","_expiration-date":0,"_expiration-date-type":"","_expiration-date-categories":[],"_expiration-date-options":[]},"_links":{"self":[{"href":"http:\/\/www.hakkikutlu.com\/hk\/wp-json\/wp\/v2\/pages\/949"}],"collection":[{"href":"http:\/\/www.hakkikutlu.com\/hk\/wp-json\/wp\/v2\/pages"}],"about":[{"href":"http:\/\/www.hakkikutlu.com\/hk\/wp-json\/wp\/v2\/types\/page"}],"author":[{"embeddable":true,"href":"http:\/\/www.hakkikutlu.com\/hk\/wp-json\/wp\/v2\/users\/1"}],"replies":[{"embeddable":true,"href":"http:\/\/www.hakkikutlu.com\/hk\/wp-json\/wp\/v2\/comments?post=949"}],"version-history":[{"count":0,"href":"http:\/\/www.hakkikutlu.com\/hk\/wp-json\/wp\/v2\/pages\/949\/revisions"}],"up":[{"embeddable":true,"href":"http:\/\/www.hakkikutlu.com\/hk\/wp-json\/wp\/v2\/pages\/159"}],"wp:attachment":[{"href":"http:\/\/www.hakkikutlu.com\/hk\/wp-json\/wp\/v2\/media?parent=949"}],"curies":[{"name":"wp","href":"https:\/\/api.w.org\/{rel}","templated":true}]}}