{"id":155,"date":"2018-03-09T10:11:01","date_gmt":"2018-03-09T08:11:01","guid":{"rendered":"http:\/\/www.hakkikutlu.com\/hk\/?page_id=155"},"modified":"2018-03-14T09:07:01","modified_gmt":"2018-03-14T07:07:01","slug":"cocugunuzla-ne-yapin","status":"publish","type":"page","link":"http:\/\/www.hakkikutlu.com\/hk\/kisisel-paylasim\/vakit-gecir\/cocugunuzla-ne-yapin\/","title":{"rendered":"\u00c7ocu\u011funuzla Ne Yap\u0131n"},"content":{"rendered":"<p>UZMANLAR TARAFINDAN \u00c7OCUKLARLA YAPILMASI \u00d6NER\u0130LEN AKT\u0130V\u0130TELER:<\/p>\n<p><img decoding=\"async\" src=\"http:\/\/www.hakkikutlu.com\/hk\/wp-content\/uploads\/hkimage\/ok_1.gif\"> A\u011faca t\u0131rmanmak.<\/p>\n<p><img decoding=\"async\" src=\"http:\/\/www.hakkikutlu.com\/hk\/wp-content\/uploads\/hkimage\/ok_1.gif\"> Ya\u011fmurda y\u00fcr\u00fcmek.<\/p>\n<p><img decoding=\"async\" src=\"http:\/\/www.hakkikutlu.com\/hk\/wp-content\/uploads\/hkimage\/ok_1.gif\"> U\u00e7urtma u\u00e7urmak.<\/p>\n<p><img decoding=\"async\" src=\"http:\/\/www.hakkikutlu.com\/hk\/wp-content\/uploads\/hkimage\/ok_1.gif\"> Bisikletle uzun uzun do\u011fada gezmek.<\/p>\n<p><img decoding=\"async\" src=\"http:\/\/www.hakkikutlu.com\/hk\/wp-content\/uploads\/hkimage\/ok_1.gif\"> De\u011fnekle yol \u00e7izmek.<\/p>\n<p><img decoding=\"async\" src=\"http:\/\/www.hakkikutlu.com\/hk\/wp-content\/uploads\/hkimage\/ok_1.gif\"> \u00c7amurdan pasta yapmak.<\/p>\n<p><img decoding=\"async\" src=\"http:\/\/www.hakkikutlu.com\/hk\/wp-content\/uploads\/hkimage\/ok_1.gif\"> Pencereye buhar yap\u0131p yaz\u0131 yazmak.<\/p>\n<p><img decoding=\"async\" src=\"http:\/\/www.hakkikutlu.com\/hk\/wp-content\/uploads\/hkimage\/ok_1.gif\"> Karda oynamak.<\/p>\n<p><img decoding=\"async\" src=\"http:\/\/www.hakkikutlu.com\/hk\/wp-content\/uploads\/hkimage\/ok_1.gif\"> De\u011fnek atmaca oynamak.<\/p>\n<p><img decoding=\"async\" src=\"http:\/\/www.hakkikutlu.com\/hk\/wp-content\/uploads\/hkimage\/ok_1.gif\"> Do\u011fadaki s\u00fcr\u00fcngenleri incelemek.<\/p>\n<p><img decoding=\"async\" src=\"http:\/\/www.hakkikutlu.com\/hk\/wp-content\/uploads\/hkimage\/ok_1.gif\"> A\u011fa\u00e7lardan meyve kopar\u0131p yemek.<\/p>\n<p><img decoding=\"async\" src=\"http:\/\/www.hakkikutlu.com\/hk\/wp-content\/uploads\/hkimage\/ok_1.gif\"> Bir a\u011fac\u0131n kovu\u011funu ke\u015ffetmek.<\/p>\n<p><img decoding=\"async\" src=\"http:\/\/www.hakkikutlu.com\/hk\/wp-content\/uploads\/hkimage\/ok_1.gif\"> \u00c7iftlikte gezmek.<\/p>\n<p><img decoding=\"async\" src=\"http:\/\/www.hakkikutlu.com\/hk\/wp-content\/uploads\/hkimage\/ok_1.gif\"> Yal\u0131n ayak y\u00fcr\u00fcmek.<\/p>\n<p><img decoding=\"async\" src=\"http:\/\/www.hakkikutlu.com\/hk\/wp-content\/uploads\/hkimage\/ok_1.gif\"> \u00c7imenlerde tepinmek.<\/p>\n<p><img decoding=\"async\" src=\"http:\/\/www.hakkikutlu.com\/hk\/wp-content\/uploads\/hkimage\/ok_1.gif\"> Fosil ve kemik aramak.<\/p>\n<p><img decoding=\"async\" src=\"http:\/\/www.hakkikutlu.com\/hk\/wp-content\/uploads\/hkimage\/ok_1.gif\"> Denizde ta\u015f sektirmek.<\/p>\n<p><img decoding=\"async\" src=\"http:\/\/www.hakkikutlu.com\/hk\/wp-content\/uploads\/hkimage\/ok_1.gif\"> Gece d\u0131\u015far\u0131da y\u0131ld\u0131zlara bakmak.<\/p>\n<p><img decoding=\"async\" src=\"http:\/\/www.hakkikutlu.com\/hk\/wp-content\/uploads\/hkimage\/ok_1.gif\"> B\u00fcy\u00fck bir tepeye t\u0131rmanmak.<\/p>\n<p><img decoding=\"async\" src=\"http:\/\/www.hakkikutlu.com\/hk\/wp-content\/uploads\/hkimage\/ok_1.gif\"> Birini kuma g\u00f6mmek.<\/p>\n<p><img decoding=\"async\" src=\"http:\/\/www.hakkikutlu.com\/hk\/wp-content\/uploads\/hkimage\/ok_1.gif\"> Oltayla bal\u0131k tutmak.<\/p>\n<p><img decoding=\"async\" src=\"http:\/\/www.hakkikutlu.com\/hk\/wp-content\/uploads\/hkimage\/ok_1.gif\"> Korkun\u00e7 bir yarat\u0131\u011fa b\u00fcr\u00fcnmek.<\/p>\n<p><img decoding=\"async\" src=\"http:\/\/www.hakkikutlu.com\/hk\/wp-content\/uploads\/hkimage\/ok_1.gif\"> B\u00f6cek avlamak.<\/p>\n<p><img decoding=\"async\" src=\"http:\/\/www.hakkikutlu.com\/hk\/wp-content\/uploads\/hkimage\/ok_1.gif\"> B\u00fcy\u00fck bir tepeden yuvarlanmak.<\/p>\n<p><img decoding=\"async\" src=\"http:\/\/www.hakkikutlu.com\/hk\/wp-content\/uploads\/hkimage\/ok_1.gif\"> Do\u011fada kamp kurmak.<\/p>\n<p><img decoding=\"async\" src=\"http:\/\/www.hakkikutlu.com\/hk\/wp-content\/uploads\/hkimage\/ok_1.gif\"> D\u00fc\u015fen bir yapra\u011f\u0131 yakalamak.<\/p>\n<p><img decoding=\"async\" src=\"http:\/\/www.hakkikutlu.com\/hk\/wp-content\/uploads\/hkimage\/ok_1.gif\"> Hayvanat bah\u00e7esinde vah\u015fi hayvanlar\u0131 incelemek.<\/p>\n<p><img decoding=\"async\" src=\"http:\/\/www.hakkikutlu.com\/hk\/wp-content\/uploads\/hkimage\/ok_1.gif\"> Bir g\u00f6letin i\u00e7inde neler oldu\u011funu incelemek.<\/p>\n<p><img decoding=\"async\" src=\"http:\/\/www.hakkikutlu.com\/hk\/wp-content\/uploads\/hkimage\/ok_1.gif\"> Do\u011fadaki hayvanlar i\u00e7in bar\u0131nak yapmak.<\/p>\n<p><img decoding=\"async\" src=\"http:\/\/www.hakkikutlu.com\/hk\/wp-content\/uploads\/hkimage\/ok_1.gif\"> Kayal\u0131klarda ya\u015fayan canl\u0131lar\u0131 incelemek.<\/p>\n<p><img decoding=\"async\" src=\"http:\/\/www.hakkikutlu.com\/hk\/wp-content\/uploads\/hkimage\/ok_1.gif\"> Kelebekleri incelemek.<\/p>\n<p><img decoding=\"async\" src=\"http:\/\/www.hakkikutlu.com\/hk\/wp-content\/uploads\/hkimage\/ok_1.gif\"> Do\u011fada gece y\u00fcr\u00fcy\u00fc\u015f\u00fc ger\u00e7ekle\u015ftirmek.<\/p>\n<p><img decoding=\"async\" src=\"http:\/\/www.hakkikutlu.com\/hk\/wp-content\/uploads\/hkimage\/ok_1.gif\"> Bir bitki ekip, b\u00fcy\u00fct\u00fcp, onu yemek.<\/p>\n<p><img decoding=\"async\" src=\"http:\/\/www.hakkikutlu.com\/hk\/wp-content\/uploads\/hkimage\/ok_1.gif\"> Ufak bir kay\u0131k yapmak.<\/p>\n<p><img decoding=\"async\" src=\"http:\/\/www.hakkikutlu.com\/hk\/wp-content\/uploads\/hkimage\/ok_1.gif\"> Ku\u015flar\u0131 izlemek.<\/p>\n<p><img decoding=\"async\" src=\"http:\/\/www.hakkikutlu.com\/hk\/wp-content\/uploads\/hkimage\/ok_1.gif\"> Bir yolu haritayla bulmak.<\/p>\n<p><img decoding=\"async\" src=\"http:\/\/www.hakkikutlu.com\/hk\/wp-content\/uploads\/hkimage\/ok_1.gif\"> Kayal\u0131klara t\u0131rmanmay\u0131 denemek.<\/p>\n<p><img decoding=\"async\" src=\"http:\/\/www.hakkikutlu.com\/hk\/wp-content\/uploads\/hkimage\/ok_1.gif\"> Ata binmek.<\/p>\n","protected":false},"excerpt":{"rendered":"<p>UZMANLAR TARAFINDAN \u00c7OCUKLARLA YAPILMASI \u00d6NER\u0130LEN AKT\u0130V\u0130TELER: A\u011faca t\u0131rmanmak. Ya\u011fmurda y\u00fcr\u00fcmek. U\u00e7urtma u\u00e7urmak. Bisikletle uzun uzun do\u011fada gezmek. De\u011fnekle yol \u00e7izmek. \u00c7amurdan pasta yapmak. Pencereye buhar yap\u0131p yaz\u0131 yazmak. Karda oynamak. De\u011fnek atmaca oynamak. Do\u011fadaki s\u00fcr\u00fcngenleri incelemek. A\u011fa\u00e7lardan meyve kopar\u0131p yemek. Bir a\u011fac\u0131n kovu\u011funu ke\u015ffetmek. \u00c7iftlikte gezmek. Yal\u0131n ayak y\u00fcr\u00fcmek. \u00c7imenlerde tepinmek. Fosil ve kemik aramak. &hellip; <\/p>\n<p><a class=\"more-link btn\" href=\"http:\/\/www.hakkikutlu.com\/hk\/kisisel-paylasim\/vakit-gecir\/cocugunuzla-ne-yapin\/\">Devam\u0131n\u0131 oku<\/a><\/p>\n","protected":false},"author":1,"featured_media":0,"parent":159,"menu_order":0,"comment_status":"closed","ping_status":"closed","template":"","meta":{"ngg_post_thumbnail":0,"_expiration-date-status":"saved","_expiration-date":0,"_expiration-date-type":"","_expiration-date-categories":[],"_expiration-date-options":[]},"_links":{"self":[{"href":"http:\/\/www.hakkikutlu.com\/hk\/wp-json\/wp\/v2\/pages\/155"}],"collection":[{"href":"http:\/\/www.hakkikutlu.com\/hk\/wp-json\/wp\/v2\/pages"}],"about":[{"href":"http:\/\/www.hakkikutlu.com\/hk\/wp-json\/wp\/v2\/types\/page"}],"author":[{"embeddable":true,"href":"http:\/\/www.hakkikutlu.com\/hk\/wp-json\/wp\/v2\/users\/1"}],"replies":[{"embeddable":true,"href":"http:\/\/www.hakkikutlu.com\/hk\/wp-json\/wp\/v2\/comments?post=155"}],"version-history":[{"count":0,"href":"http:\/\/www.hakkikutlu.com\/hk\/wp-json\/wp\/v2\/pages\/155\/revisions"}],"up":[{"embeddable":true,"href":"http:\/\/www.hakkikutlu.com\/hk\/wp-json\/wp\/v2\/pages\/159"}],"wp:attachment":[{"href":"http:\/\/www.hakkikutlu.com\/hk\/wp-json\/wp\/v2\/media?parent=155"}],"curies":[{"name":"wp","href":"https:\/\/api.w.org\/{rel}","templated":true}]}}