{"id":141,"date":"2018-03-09T10:09:32","date_gmt":"2018-03-09T08:09:32","guid":{"rendered":"http:\/\/www.hakkikutlu.com\/hk\/?page_id=141"},"modified":"2018-03-12T10:29:05","modified_gmt":"2018-03-12T08:29:05","slug":"kitapciklarim","status":"publish","type":"page","link":"http:\/\/www.hakkikutlu.com\/hk\/kisisel-paylasim\/kitapciklarim\/","title":{"rendered":"Kitap\u00e7\u0131klar\u0131m"},"content":{"rendered":"<p>Mahalli idarelerde g\u00f6rev yapan memurlar\u0131n ortak mesleki hak ve menfaatlerini ilgilendiren konulara y\u00f6nelik olarak 2009 y\u0131l\u0131nda, T\u00fcrk Yerel Hizmet-Sen Ba\u015fkan Yard\u0131mc\u0131s\u0131 Hakk\u0131 KUTLU taraf\u0131ndan, bilgilendirme amac\u0131yla haz\u0131rlanm\u0131\u015ft\u0131r.<\/p>\n<p><img decoding=\"async\" src=\"http:\/\/www.hakkikutlu.com\/hk\/wp-content\/uploads\/hkimage\/memur_kitapcik_1.jpg\"><\/p>\n<a href=\"http:\/\/www.hakkikutlu.com\/hk\/wp-content\/uploads\/pdf\/memurcep2009.pdf\" class=\"pdfemb-viewer\" style=\"\" data-width=\"max\" data-height=\"max\"  data-toolbar=\"both\" data-toolbar-fixed=\"on\">memurcep2009<br\/><\/a>\n<p><img decoding=\"async\" src=\"http:\/\/www.hakkikutlu.com\/hk\/wp-content\/uploads\/hkimage\/cizgi_2.gif\"><\/p>\n<p>Mahalli idarelerde g\u00f6rev yapan memurlar\u0131n ortak mesleki hak ve menfaatlerini ilgilendiren konulara y\u00f6nelik olarak 2010 y\u0131l\u0131nda, T\u00fcrk Yerel Hizmet-Sen Ba\u015fkan Yard\u0131mc\u0131s\u0131 Hakk\u0131 KUTLU taraf\u0131ndan, bilgilendirme amac\u0131yla haz\u0131rlanm\u0131\u015ft\u0131r.<\/p>\n<p><img decoding=\"async\" src=\"http:\/\/www.hakkikutlu.com\/hk\/wp-content\/uploads\/hkimage\/memur_kitapcik_2.jpg\"><\/p>\n<a href=\"http:\/\/www.hakkikutlu.com\/hk\/wp-content\/uploads\/pdf\/memurcep2009.pdf\" class=\"pdfemb-viewer\" style=\"\" data-width=\"max\" data-height=\"max\"  data-toolbar=\"both\" data-toolbar-fixed=\"on\">memurcep2009<br\/><\/a>\n<p><img decoding=\"async\" src=\"http:\/\/www.hakkikutlu.com\/hk\/wp-content\/uploads\/hkimage\/cizgi_2.gif\"><\/p>\n<p>Tip-1 Diyabet Kitap\u00e7\u0131\u011f\u0131, Tip-1 diyabetlilerin anl\u0131k ihtiya\u00e7 duyabilece\u011fi bilgilere h\u0131zl\u0131 eri\u015fimi sa\u011flayabilmesi amac\u0131yla, Do\u00e7. Diyetisyen Emel \u00d6zer&#8217;in Diyabetliler \u0130\u00e7in Hayat\u0131 Kolayla\u015ft\u0131rma K\u0131lavuzu; T\u00fcrkiye Diyabet Vakf\u0131; Ulusal G\u0131da Kompozisyon Veri Taban\u0131; Tip1 Diyabetli \u00c7ocuklar ve Aileleri Sayfas\u0131; Uzman Diyetisyen Nesil G\u00f6ren Atalay ve \u00d6yk\u00fcm Solak kaynaklar\u0131ndan faydalan\u0131larak, 2015 y\u0131l\u0131nda ki\u015fisel bir \u00e7al\u0131\u015fma olarak Hakk\u0131 KUTLU taraf\u0131ndan haz\u0131rlanm\u0131\u015ft\u0131r.<\/p>\n<p><img decoding=\"async\" src=\"http:\/\/www.hakkikutlu.com\/hk\/wp-content\/uploads\/hkimage\/tip_1_kitapcik_1.jpg\"><br \/>\nA\u00e7mak\/\u0130ndirmek i\u00e7in <img decoding=\"async\" src=\"http:\/\/www.hakkikutlu.com\/hk\/wp-content\/uploads\/hkimage\/yildiz_4.gif\"><a href=\"http:\/\/www.hakkikutlu.com\/hk\/wp-content\/uploads\/xls\/tip1.xls\">buray\u0131<\/a> t\u0131klay\u0131n\u0131z.<\/p>\n<p><img decoding=\"async\" src=\"http:\/\/www.hakkikutlu.com\/hk\/wp-content\/uploads\/hkimage\/cizgi_2.gif\"><\/p>\n","protected":false},"excerpt":{"rendered":"<p>Mahalli idarelerde g\u00f6rev yapan memurlar\u0131n ortak mesleki hak ve menfaatlerini ilgilendiren konulara y\u00f6nelik olarak 2009 y\u0131l\u0131nda, T\u00fcrk Yerel Hizmet-Sen Ba\u015fkan Yard\u0131mc\u0131s\u0131 Hakk\u0131 KUTLU taraf\u0131ndan, bilgilendirme amac\u0131yla haz\u0131rlanm\u0131\u015ft\u0131r. Mahalli idarelerde g\u00f6rev yapan memurlar\u0131n ortak mesleki hak ve menfaatlerini ilgilendiren konulara y\u00f6nelik olarak 2010 y\u0131l\u0131nda, T\u00fcrk Yerel Hizmet-Sen Ba\u015fkan Yard\u0131mc\u0131s\u0131 Hakk\u0131 KUTLU taraf\u0131ndan, bilgilendirme amac\u0131yla haz\u0131rlanm\u0131\u015ft\u0131r. Tip-1 &hellip; <\/p>\n<p><a class=\"more-link btn\" href=\"http:\/\/www.hakkikutlu.com\/hk\/kisisel-paylasim\/kitapciklarim\/\">Devam\u0131n\u0131 oku<\/a><\/p>\n","protected":false},"author":1,"featured_media":0,"parent":139,"menu_order":0,"comment_status":"closed","ping_status":"closed","template":"","meta":{"ngg_post_thumbnail":0,"_expiration-date-status":"saved","_expiration-date":0,"_expiration-date-type":"","_expiration-date-categories":[],"_expiration-date-options":[]},"_links":{"self":[{"href":"http:\/\/www.hakkikutlu.com\/hk\/wp-json\/wp\/v2\/pages\/141"}],"collection":[{"href":"http:\/\/www.hakkikutlu.com\/hk\/wp-json\/wp\/v2\/pages"}],"about":[{"href":"http:\/\/www.hakkikutlu.com\/hk\/wp-json\/wp\/v2\/types\/page"}],"author":[{"embeddable":true,"href":"http:\/\/www.hakkikutlu.com\/hk\/wp-json\/wp\/v2\/users\/1"}],"replies":[{"embeddable":true,"href":"http:\/\/www.hakkikutlu.com\/hk\/wp-json\/wp\/v2\/comments?post=141"}],"version-history":[{"count":0,"href":"http:\/\/www.hakkikutlu.com\/hk\/wp-json\/wp\/v2\/pages\/141\/revisions"}],"up":[{"embeddable":true,"href":"http:\/\/www.hakkikutlu.com\/hk\/wp-json\/wp\/v2\/pages\/139"}],"wp:attachment":[{"href":"http:\/\/www.hakkikutlu.com\/hk\/wp-json\/wp\/v2\/media?parent=141"}],"curies":[{"name":"wp","href":"https:\/\/api.w.org\/{rel}","templated":true}]}}